{"id":271,"date":"2022-01-14T15:09:56","date_gmt":"2022-01-14T14:09:56","guid":{"rendered":"https:\/\/fricompost.site-preview.ch\/?page_id=271"},"modified":"2024-12-12T14:47:48","modified_gmt":"2024-12-12T13:47:48","slug":"nachhaltiger-naturkreislauf","status":"publish","type":"page","link":"https:\/\/fricompost.site-preview.ch\/fr\/","title":{"rendered":"Un cycle naturel durable"},"content":{"rendered":"\n<p>Fricompost offre la possibilit\u00e9 \u00e0 la fois <a href=\"https:\/\/fricompost.site-preview.ch\/fr\/nos-service\/\" data-type=\"URL\" data-id=\"https:\/\/fricompost.site-preview.ch\/fr\/nos-service\/\" target=\"_blank\" rel=\"noreferrer noopener\">d&rsquo;\u00e9liminer les d\u00e9chets verts<\/a> et d&rsquo;obtenir <a rel=\"noreferrer noopener\" href=\"https:\/\/fricompost.site-preview.ch\/fr\/produits\/\" data-type=\"URL\" data-id=\"https:\/\/fricompost.site-preview.ch\/fr\/produits\/\" target=\"_blank\">des engrais, des terreaux et des produits d\u00e9riv\u00e9s du bois<\/a> pour une utilisation en jardinage et en agriculture.<\/p>\n\n\n\n<p>Sur nos deux <a href=\"https:\/\/fricompost.site-preview.ch\/fr\/contact\/\" data-type=\"URL\" data-id=\"https:\/\/fricompost.site-preview.ch\/fr\/contact\/\" target=\"_blank\" rel=\"noreferrer noopener\">sites<\/a> d&rsquo;Avenches et de Posieux, nous transformons les d\u00e9chets verts non m\u00e9thanisables en un compost de qualit\u00e9. Les d\u00e9chets verts m\u00e9thanisables sont valoris\u00e9s dans les installations de biogaz d&rsquo;Axpo Biomasse AG, qui produisent non seulement de l&rsquo;engrais naturel, mais aussi de l&rsquo;\u00e9nergie renouvelable neutre en CO<sub>2<\/sub>. Le compostage des d\u00e9chets verts nous permet de proc\u00e9der \u00e0 la r\u00e9introduction des \u00e9l\u00e9ments nutritifs de qualit\u00e9 dans le cycle naturel et de contribuer \u00e0 une gestion durable des ressources. En l&rsquo;espace de huit mois sont cr\u00e9\u00e9s diff\u00e9rents produits de compostage haut de gamme, portant le label de qualit\u00e9 des produits \u00e9cologiques.<\/p>\n\n\n<div class=\"wp-bootstrap-blocks-button\">\n\t<a\n\t\thref=\"https:\/\/fricompost.site-preview.ch\/wp-content\/uploads\/2024\/12\/000000_Fricompost_Preisliste_Avenches_Posieux_2025_f.pdf\"\n\t\t\t\t\ttarget=\"_blank\"\n\t\t\t\t\t\t\trel=\"noreferrer noopener\"\n\t\t\t\tclass=\"btn btn-primary\"\n\t>\n\t\tListe de prix\t<\/a>\n<\/div>\n\n\n\n<div style=\"height:70px\" aria-hidden=\"true\" class=\"wp-block-spacer\"><\/div>\n\n\n\n<figure class=\"wp-block-image size-large home-page-img\"><img loading=\"lazy\" decoding=\"async\" width=\"1024\" height=\"962\" src=\"https:\/\/fricompost.site-preview.ch\/wp-content\/uploads\/2022\/03\/210244_Fricompost_Grafik_Kreislauf_FR-1024x962.png\" alt=\"\" class=\"wp-image-375\" srcset=\"https:\/\/fricompost.site-preview.ch\/wp-content\/uploads\/2022\/03\/210244_Fricompost_Grafik_Kreislauf_FR-1024x962.png 1024w, https:\/\/fricompost.site-preview.ch\/wp-content\/uploads\/2022\/03\/210244_Fricompost_Grafik_Kreislauf_FR-300x282.png 300w, https:\/\/fricompost.site-preview.ch\/wp-content\/uploads\/2022\/03\/210244_Fricompost_Grafik_Kreislauf_FR-768x721.png 768w, https:\/\/fricompost.site-preview.ch\/wp-content\/uploads\/2022\/03\/210244_Fricompost_Grafik_Kreislauf_FR-1536x1443.png 1536w, https:\/\/fricompost.site-preview.ch\/wp-content\/uploads\/2022\/03\/210244_Fricompost_Grafik_Kreislauf_FR.png 2042w\" sizes=\"auto, (max-width: 1024px) 100vw, 1024px\" \/><\/figure>\n","protected":false},"excerpt":{"rendered":"<p>Fricompost offre la possibilit\u00e9 \u00e0 la fois d&rsquo;\u00e9liminer les d\u00e9chets verts et d&rsquo;obtenir des engrais, des terreaux et des produits d\u00e9riv\u00e9s du bois pour une utilisation en jardinage et en agriculture. Sur nos deux sites d&rsquo;Avenches et de Posieux, nous transformons les d\u00e9chets verts non m\u00e9thanisables en un compost de qualit\u00e9. Les d\u00e9chets verts m\u00e9thanisables [&hellip;]<\/p>\n","protected":false},"author":1,"featured_media":264,"parent":0,"menu_order":0,"comment_status":"closed","ping_status":"closed","template":"","meta":{"_acf_changed":false,"footnotes":""},"class_list":["post-271","page","type-page","status-publish","has-post-thumbnail","hentry"],"acf":[],"yoast_head":"<!-- This site is optimized with the Yoast SEO plugin v27.5 - https:\/\/yoast.com\/product\/yoast-seo-wordpress\/ -->\n<title>Un cycle naturel durable - Fricompost<\/title>\n<meta name=\"robots\" content=\"index, follow, max-snippet:-1, max-image-preview:large, max-video-preview:-1\" \/>\n<link rel=\"canonical\" href=\"https:\/\/fricompost.site-preview.ch\/fr\/\" \/>\n<meta property=\"og:locale\" content=\"fr_FR\" \/>\n<meta property=\"og:type\" content=\"article\" \/>\n<meta property=\"og:title\" content=\"Un cycle naturel durable - Fricompost\" \/>\n<meta property=\"og:description\" content=\"Fricompost offre la possibilit\u00e9 \u00e0 la fois d&rsquo;\u00e9liminer les d\u00e9chets verts et d&rsquo;obtenir des engrais, des terreaux et des produits d\u00e9riv\u00e9s du bois pour une utilisation en jardinage et en agriculture. Sur nos deux sites d&rsquo;Avenches et de Posieux, nous transformons les d\u00e9chets verts non m\u00e9thanisables en un compost de qualit\u00e9. Les d\u00e9chets verts m\u00e9thanisables [&hellip;]\" \/>\n<meta property=\"og:url\" content=\"https:\/\/fricompost.site-preview.ch\/fr\/\" \/>\n<meta property=\"og:site_name\" content=\"Fricompost\" \/>\n<meta property=\"article:modified_time\" content=\"2024-12-12T13:47:48+00:00\" \/>\n<meta property=\"og:image\" content=\"https:\/\/fricompost.site-preview.ch\/wp-content\/uploads\/2022\/02\/Header_Home.jpg\" \/>\n\t<meta property=\"og:image:width\" content=\"1920\" \/>\n\t<meta property=\"og:image:height\" content=\"600\" \/>\n\t<meta property=\"og:image:type\" content=\"image\/jpeg\" \/>\n<meta name=\"twitter:card\" content=\"summary_large_image\" \/>\n<meta name=\"twitter:label1\" content=\"Dur\u00e9e de lecture estim\u00e9e\" \/>\n\t<meta name=\"twitter:data1\" content=\"2 minutes\" \/>\n<script type=\"application\/ld+json\" class=\"yoast-schema-graph\">{\"@context\":\"https:\\\/\\\/schema.org\",\"@graph\":[{\"@type\":\"WebPage\",\"@id\":\"https:\\\/\\\/fricompost.site-preview.ch\\\/fr\\\/\",\"url\":\"https:\\\/\\\/fricompost.site-preview.ch\\\/fr\\\/\",\"name\":\"Un cycle naturel durable - Fricompost\",\"isPartOf\":{\"@id\":\"https:\\\/\\\/fricompost.site-preview.ch\\\/fr\\\/#website\"},\"primaryImageOfPage\":{\"@id\":\"https:\\\/\\\/fricompost.site-preview.ch\\\/fr\\\/#primaryimage\"},\"image\":{\"@id\":\"https:\\\/\\\/fricompost.site-preview.ch\\\/fr\\\/#primaryimage\"},\"thumbnailUrl\":\"https:\\\/\\\/fricompost.site-preview.ch\\\/wp-content\\\/uploads\\\/2022\\\/02\\\/Header_Home.jpg\",\"datePublished\":\"2022-01-14T14:09:56+00:00\",\"dateModified\":\"2024-12-12T13:47:48+00:00\",\"breadcrumb\":{\"@id\":\"https:\\\/\\\/fricompost.site-preview.ch\\\/fr\\\/#breadcrumb\"},\"inLanguage\":\"fr-FR\",\"potentialAction\":[{\"@type\":\"ReadAction\",\"target\":[\"https:\\\/\\\/fricompost.site-preview.ch\\\/fr\\\/\"]}]},{\"@type\":\"ImageObject\",\"inLanguage\":\"fr-FR\",\"@id\":\"https:\\\/\\\/fricompost.site-preview.ch\\\/fr\\\/#primaryimage\",\"url\":\"https:\\\/\\\/fricompost.site-preview.ch\\\/wp-content\\\/uploads\\\/2022\\\/02\\\/Header_Home.jpg\",\"contentUrl\":\"https:\\\/\\\/fricompost.site-preview.ch\\\/wp-content\\\/uploads\\\/2022\\\/02\\\/Header_Home.jpg\",\"width\":1920,\"height\":600},{\"@type\":\"BreadcrumbList\",\"@id\":\"https:\\\/\\\/fricompost.site-preview.ch\\\/fr\\\/#breadcrumb\",\"itemListElement\":[{\"@type\":\"ListItem\",\"position\":1,\"name\":\"Home\",\"item\":\"https:\\\/\\\/fricompost.site-preview.ch\\\/fr\\\/\"},{\"@type\":\"ListItem\",\"position\":2,\"name\":\"Un cycle naturel durable\"}]},{\"@type\":\"WebSite\",\"@id\":\"https:\\\/\\\/fricompost.site-preview.ch\\\/fr\\\/#website\",\"url\":\"https:\\\/\\\/fricompost.site-preview.ch\\\/fr\\\/\",\"name\":\"Fricompost\",\"description\":\"Fricompost\",\"publisher\":{\"@id\":\"https:\\\/\\\/fricompost.site-preview.ch\\\/fr\\\/#organization\"},\"potentialAction\":[{\"@type\":\"SearchAction\",\"target\":{\"@type\":\"EntryPoint\",\"urlTemplate\":\"https:\\\/\\\/fricompost.site-preview.ch\\\/fr\\\/?s={search_term_string}\"},\"query-input\":{\"@type\":\"PropertyValueSpecification\",\"valueRequired\":true,\"valueName\":\"search_term_string\"}}],\"inLanguage\":\"fr-FR\"},{\"@type\":\"Organization\",\"@id\":\"https:\\\/\\\/fricompost.site-preview.ch\\\/fr\\\/#organization\",\"name\":\"Fricompost SA\",\"url\":\"https:\\\/\\\/fricompost.site-preview.ch\\\/fr\\\/\",\"logo\":{\"@type\":\"ImageObject\",\"inLanguage\":\"fr-FR\",\"@id\":\"https:\\\/\\\/fricompost.site-preview.ch\\\/fr\\\/#\\\/schema\\\/logo\\\/image\\\/\",\"url\":\"https:\\\/\\\/fricompost.site-preview.ch\\\/wp-content\\\/uploads\\\/2022\\\/06\\\/logo-fricompost.png\",\"contentUrl\":\"https:\\\/\\\/fricompost.site-preview.ch\\\/wp-content\\\/uploads\\\/2022\\\/06\\\/logo-fricompost.png\",\"width\":721,\"height\":200,\"caption\":\"Fricompost SA\"},\"image\":{\"@id\":\"https:\\\/\\\/fricompost.site-preview.ch\\\/fr\\\/#\\\/schema\\\/logo\\\/image\\\/\"}}]}<\/script>\n<!-- \/ Yoast SEO plugin. -->","yoast_head_json":{"title":"Un cycle naturel durable - Fricompost","robots":{"index":"index","follow":"follow","max-snippet":"max-snippet:-1","max-image-preview":"max-image-preview:large","max-video-preview":"max-video-preview:-1"},"canonical":"https:\/\/fricompost.site-preview.ch\/fr\/","og_locale":"fr_FR","og_type":"article","og_title":"Un cycle naturel durable - Fricompost","og_description":"Fricompost offre la possibilit\u00e9 \u00e0 la fois d&rsquo;\u00e9liminer les d\u00e9chets verts et d&rsquo;obtenir des engrais, des terreaux et des produits d\u00e9riv\u00e9s du bois pour une utilisation en jardinage et en agriculture. Sur nos deux sites d&rsquo;Avenches et de Posieux, nous transformons les d\u00e9chets verts non m\u00e9thanisables en un compost de qualit\u00e9. Les d\u00e9chets verts m\u00e9thanisables [&hellip;]","og_url":"https:\/\/fricompost.site-preview.ch\/fr\/","og_site_name":"Fricompost","article_modified_time":"2024-12-12T13:47:48+00:00","og_image":[{"width":1920,"height":600,"url":"https:\/\/fricompost.site-preview.ch\/wp-content\/uploads\/2022\/02\/Header_Home.jpg","type":"image\/jpeg"}],"twitter_card":"summary_large_image","twitter_misc":{"Dur\u00e9e de lecture estim\u00e9e":"2 minutes"},"schema":{"@context":"https:\/\/schema.org","@graph":[{"@type":"WebPage","@id":"https:\/\/fricompost.site-preview.ch\/fr\/","url":"https:\/\/fricompost.site-preview.ch\/fr\/","name":"Un cycle naturel durable - Fricompost","isPartOf":{"@id":"https:\/\/fricompost.site-preview.ch\/fr\/#website"},"primaryImageOfPage":{"@id":"https:\/\/fricompost.site-preview.ch\/fr\/#primaryimage"},"image":{"@id":"https:\/\/fricompost.site-preview.ch\/fr\/#primaryimage"},"thumbnailUrl":"https:\/\/fricompost.site-preview.ch\/wp-content\/uploads\/2022\/02\/Header_Home.jpg","datePublished":"2022-01-14T14:09:56+00:00","dateModified":"2024-12-12T13:47:48+00:00","breadcrumb":{"@id":"https:\/\/fricompost.site-preview.ch\/fr\/#breadcrumb"},"inLanguage":"fr-FR","potentialAction":[{"@type":"ReadAction","target":["https:\/\/fricompost.site-preview.ch\/fr\/"]}]},{"@type":"ImageObject","inLanguage":"fr-FR","@id":"https:\/\/fricompost.site-preview.ch\/fr\/#primaryimage","url":"https:\/\/fricompost.site-preview.ch\/wp-content\/uploads\/2022\/02\/Header_Home.jpg","contentUrl":"https:\/\/fricompost.site-preview.ch\/wp-content\/uploads\/2022\/02\/Header_Home.jpg","width":1920,"height":600},{"@type":"BreadcrumbList","@id":"https:\/\/fricompost.site-preview.ch\/fr\/#breadcrumb","itemListElement":[{"@type":"ListItem","position":1,"name":"Home","item":"https:\/\/fricompost.site-preview.ch\/fr\/"},{"@type":"ListItem","position":2,"name":"Un cycle naturel durable"}]},{"@type":"WebSite","@id":"https:\/\/fricompost.site-preview.ch\/fr\/#website","url":"https:\/\/fricompost.site-preview.ch\/fr\/","name":"Fricompost","description":"Fricompost","publisher":{"@id":"https:\/\/fricompost.site-preview.ch\/fr\/#organization"},"potentialAction":[{"@type":"SearchAction","target":{"@type":"EntryPoint","urlTemplate":"https:\/\/fricompost.site-preview.ch\/fr\/?s={search_term_string}"},"query-input":{"@type":"PropertyValueSpecification","valueRequired":true,"valueName":"search_term_string"}}],"inLanguage":"fr-FR"},{"@type":"Organization","@id":"https:\/\/fricompost.site-preview.ch\/fr\/#organization","name":"Fricompost SA","url":"https:\/\/fricompost.site-preview.ch\/fr\/","logo":{"@type":"ImageObject","inLanguage":"fr-FR","@id":"https:\/\/fricompost.site-preview.ch\/fr\/#\/schema\/logo\/image\/","url":"https:\/\/fricompost.site-preview.ch\/wp-content\/uploads\/2022\/06\/logo-fricompost.png","contentUrl":"https:\/\/fricompost.site-preview.ch\/wp-content\/uploads\/2022\/06\/logo-fricompost.png","width":721,"height":200,"caption":"Fricompost SA"},"image":{"@id":"https:\/\/fricompost.site-preview.ch\/fr\/#\/schema\/logo\/image\/"}}]}},"_links":{"self":[{"href":"https:\/\/fricompost.site-preview.ch\/fr\/wp-json\/wp\/v2\/pages\/271","targetHints":{"allow":["GET"]}}],"collection":[{"href":"https:\/\/fricompost.site-preview.ch\/fr\/wp-json\/wp\/v2\/pages"}],"about":[{"href":"https:\/\/fricompost.site-preview.ch\/fr\/wp-json\/wp\/v2\/types\/page"}],"author":[{"embeddable":true,"href":"https:\/\/fricompost.site-preview.ch\/fr\/wp-json\/wp\/v2\/users\/1"}],"replies":[{"embeddable":true,"href":"https:\/\/fricompost.site-preview.ch\/fr\/wp-json\/wp\/v2\/comments?post=271"}],"version-history":[{"count":20,"href":"https:\/\/fricompost.site-preview.ch\/fr\/wp-json\/wp\/v2\/pages\/271\/revisions"}],"predecessor-version":[{"id":642,"href":"https:\/\/fricompost.site-preview.ch\/fr\/wp-json\/wp\/v2\/pages\/271\/revisions\/642"}],"wp:featuredmedia":[{"embeddable":true,"href":"https:\/\/fricompost.site-preview.ch\/fr\/wp-json\/wp\/v2\/media\/264"}],"wp:attachment":[{"href":"https:\/\/fricompost.site-preview.ch\/fr\/wp-json\/wp\/v2\/media?parent=271"}],"curies":[{"name":"wp","href":"https:\/\/api.w.org\/{rel}","templated":true}]}}