{"id":276,"date":"2022-01-14T15:47:55","date_gmt":"2022-01-14T14:47:55","guid":{"rendered":"https:\/\/fricompost.site-preview.ch\/?page_id=276"},"modified":"2024-07-01T12:53:25","modified_gmt":"2024-07-01T10:53:25","slug":"nos-service","status":"publish","type":"page","link":"https:\/\/fricompost.site-preview.ch\/fr\/nos-service\/","title":{"rendered":"Nos services"},"content":{"rendered":"\n<p>Nous proposons diff\u00e9rents services de recyclage. Nous offrons la possibilit\u00e9 d&rsquo;\u00e9liminer les d\u00e9chets biog\u00e8nes directement sur nos sites de compostage. Les pr\u00e9cieuses mati\u00e8res premi\u00e8res sont ensuite transform\u00e9es en compost de haute qualit\u00e9.<\/p>\n\n\n\n<h2 class=\"wp-block-heading\" id=\"annahme\">Depot<\/h2>\n\n\n\n<figure class=\"wp-block-table table\"><table><thead><tr><th>Materiel<\/th><th>CHF \/ t<\/th><th>Poids sp\u00e9cifique<\/th><th>CHF \/ m\u00b3<\/th><\/tr><\/thead><tbody><tr><td>D\u00e9chets verts sans mati\u00e8res \u00e9trang\u00e8res<\/td><td>122.10<\/td><td>350 kg \/ m<sup>3<\/sup><\/td><td>42.75<\/td><\/tr><tr><td>Branches propres, <br>\u00e0 partir de \u00f8\u20098\u2009cm, sans feuilles<br>(pendant les mois d\u2019hiver)<\/td><td>95.\u2013<\/td><td>300 kg \/ m<sup>3<\/sup><\/td><td>28.50<\/td><\/tr><tr><td>Troncs &gt; 15\u2009cm<\/td><td>62.10<\/td><td>800 kg \/ m<sup>3<\/sup><\/td><td>49.70<\/td><\/tr><tr><td>Souches et racines<\/td><td>155.30<\/td><td>800 kg \/ m<sup>3<\/sup> <\/td><td>124.25<\/td><\/tr><tr><td>Fumier de cheval<\/td><td>82.80<\/td><td>300 kg \/ m<sup>3<\/sup><\/td><td>24.85<\/td><\/tr><tr><td>Foin et paille<\/td><td>176.\u2013<\/td><td>200 kg \/ m<sup>3<\/sup><\/td><td>35.20<\/td><\/tr><tr><td>Pes\u00e9e de contr\u00f4le<\/td><td>15.\u2013 \/ Pes\u00e9e<\/td><td><\/td><td><\/td><\/tr><\/tbody><\/table><\/figure>\n\n\n\n<p class=\"page-comments\">Prix hors TVA<\/p>\n\n\n\n<p class=\"page-comments\">Le poids sp\u00e9cifique et le prix en CHF\u2009\/\u2009m<sup>3<\/sup> sont indiqu\u00e9s uniquement \u00e0 des fins de comparaison. La densit\u00e9 suppos\u00e9e repr\u00e9sente une valeur de r\u00e9f\u00e9rence moyenne et est soumise \u00e0 des variations naturelles. L\u2019indication de prix CHF\u2009\/\u2009t est celle qui est valable, car seul le poids de la marchandise est d\u00e9termin\u00e9 sur place.<\/p>\n\n\n\n<h2 class=\"wp-block-heading\" id=\"das-gehort-nicht-ins-grungut\">Ce qui ne va pas dans la collecte des d\u00e9chets verts<\/h2>\n\n\n\n<figure class=\"wp-block-table table gruengut-list\"><table><tbody><tr><td>\u2013 Cendres<\/td><td>\u2013 Liti\u00e8re pour chat<\/td><td>\u2013 Pierres<\/td><\/tr><tr><td>\u2013 Piles<\/td><td>\u2013 Plastiques<\/td><td>\u2013 D\u00e9chets issus de balayage des routes<\/td><\/tr><tr><td>\u2013 Bo\u00eetes de conserve<\/td><td>\u2013 M\u00e9dicaments<\/td><td>\u2013 Textiles<\/td><\/tr><tr><td>\u2013 Verre<\/td><td>\u2013 M\u00e9tal<\/td><td>\u2013 Ficelles non putr\u00e9fiables<\/td><\/tr><tr><td>\u2013 Crottes de chien<\/td><td>\u2013 Huile min\u00e9rale<\/td><td>\u2013 Couches<\/td><\/tr><tr><td>\u2013 Capsules de caf\u00e9<\/td><td>\u2013 Sacs d\u2019aspirateur<\/td><td><\/td><\/tr><\/tbody><\/table><\/figure>\n\n\n\n<p>Les mat\u00e9riaux non autoris\u00e9s seront refus\u00e9s ou \u00e9limin\u00e9s aux frais du fournisseur. Validit\u00e9 sous r\u00e9serve de modifications. Autres mat\u00e9riaux sur demande.<\/p>\n\n\n\n<h2 class=\"wp-block-heading\" id=\"annahme-und-verkaufsbedingungen\">Conditions d\u2019acceptation et de vente<\/h2>\n\n\n\n<p>Les prix de vente par tonne ou par m\u00e8tre cube s\u2019entendent charg\u00e9s m\u00e9cani\u00adquement au d\u00e9part de l\u2019installation. Paiement dans les 30 jours suivant la facturation. Les d\u00e9ductions non justifi\u00e9es seront factur\u00e9es ult\u00e9rieurement.<\/p>\n\n\n\n<h2 class=\"wp-block-heading\" id=\"kleinmengenzuschlag\">Suppl\u00e9ment pour petites quantit\u00e9s<\/h2>\n\n\n\n<p>Un montant minimum de facturation de 30 CHF s\u2019applique. Les factures d\u2019un montant inf\u00e9rieur sont automatiquement port\u00e9es \u00e0 30 CHF (suppl\u00e9ment pour petites quantit\u00e9s). Cette r\u00e8gle ne s\u2019applique pas en cas de paiement en esp\u00e8ces.<\/p>\n\n\n\n<h2 class=\"wp-block-heading\" id=\"badge\">Badge<\/h2>\n\n\n\n<p>Sur le site d\u2019Avenches, il est possible d\u2019obtenir un badge contre un d\u00e9p\u00f4t de CHF 50, avec lequel vous pouvez effectuer le pesage de mani\u00e8re autonome et automatis\u00e9e. Le grand avantage pour vous est le gain de temps : vous pouvez peser vous-m\u00eame votre livraison pendant les heures d\u2019ouverture et la facture est envoy\u00e9e automatiquement \u00e0 la fin du mois \u00e0 l\u2019adresse de facturation que vous avez indiqu\u00e9e. Pour l\u2019\u00e9tablissement d\u2019un badge, veuillez nous contacter via le <a href=\"https:\/\/fricompost.site-preview.ch\/fr\/contact\/\" data-type=\"URL\" data-id=\"https:\/\/fricompost.site-preview.ch\/fr\/contact\/\" target=\"_blank\" rel=\"noreferrer noopener\">formulaire de contact<\/a>.<br>Remarque : les badges sont en principe d\u00e9livr\u00e9s aux professionnels.<\/p>\n","protected":false},"excerpt":{"rendered":"<p>Nous proposons diff\u00e9rents services de recyclage. Nous offrons la possibilit\u00e9 d&rsquo;\u00e9liminer les d\u00e9chets biog\u00e8nes directement sur nos sites de compostage. Les pr\u00e9cieuses mati\u00e8res premi\u00e8res sont ensuite transform\u00e9es en compost de haute qualit\u00e9. Depot Materiel CHF \/ t Poids sp\u00e9cifique CHF \/ m\u00b3 D\u00e9chets verts sans mati\u00e8res \u00e9trang\u00e8res 122.10 350 kg \/ m3 42.75 Branches propres, [&hellip;]<\/p>\n","protected":false},"author":1,"featured_media":264,"parent":0,"menu_order":0,"comment_status":"closed","ping_status":"closed","template":"","meta":{"_acf_changed":false,"footnotes":""},"class_list":["post-276","page","type-page","status-publish","has-post-thumbnail","hentry"],"acf":[],"yoast_head":"<!-- This site is optimized with the Yoast SEO plugin v27.5 - https:\/\/yoast.com\/product\/yoast-seo-wordpress\/ -->\n<title>Nos services - Fricompost<\/title>\n<meta name=\"robots\" content=\"index, follow, max-snippet:-1, max-image-preview:large, max-video-preview:-1\" \/>\n<link rel=\"canonical\" href=\"https:\/\/fricompost.site-preview.ch\/fr\/nos-service\/\" \/>\n<meta property=\"og:locale\" content=\"fr_FR\" \/>\n<meta property=\"og:type\" content=\"article\" \/>\n<meta property=\"og:title\" content=\"Nos services - Fricompost\" \/>\n<meta property=\"og:description\" content=\"Nous proposons diff\u00e9rents services de recyclage. Nous offrons la possibilit\u00e9 d&rsquo;\u00e9liminer les d\u00e9chets biog\u00e8nes directement sur nos sites de compostage. Les pr\u00e9cieuses mati\u00e8res premi\u00e8res sont ensuite transform\u00e9es en compost de haute qualit\u00e9. Depot Materiel CHF \/ t Poids sp\u00e9cifique CHF \/ m\u00b3 D\u00e9chets verts sans mati\u00e8res \u00e9trang\u00e8res 122.10 350 kg \/ m3 42.75 Branches propres, [&hellip;]\" \/>\n<meta property=\"og:url\" content=\"https:\/\/fricompost.site-preview.ch\/fr\/nos-service\/\" \/>\n<meta property=\"og:site_name\" content=\"Fricompost\" \/>\n<meta property=\"article:modified_time\" content=\"2024-07-01T10:53:25+00:00\" \/>\n<meta property=\"og:image\" content=\"https:\/\/fricompost.site-preview.ch\/wp-content\/uploads\/2022\/02\/Header_Home.jpg\" \/>\n\t<meta property=\"og:image:width\" content=\"1920\" \/>\n\t<meta property=\"og:image:height\" content=\"600\" \/>\n\t<meta property=\"og:image:type\" content=\"image\/jpeg\" \/>\n<meta name=\"twitter:card\" content=\"summary_large_image\" \/>\n<meta name=\"twitter:label1\" content=\"Dur\u00e9e de lecture estim\u00e9e\" \/>\n\t<meta name=\"twitter:data1\" content=\"3 minutes\" \/>\n<script type=\"application\/ld+json\" class=\"yoast-schema-graph\">{\"@context\":\"https:\\\/\\\/schema.org\",\"@graph\":[{\"@type\":\"WebPage\",\"@id\":\"https:\\\/\\\/fricompost.site-preview.ch\\\/fr\\\/nos-service\\\/\",\"url\":\"https:\\\/\\\/fricompost.site-preview.ch\\\/fr\\\/nos-service\\\/\",\"name\":\"Nos services - Fricompost\",\"isPartOf\":{\"@id\":\"https:\\\/\\\/fricompost.site-preview.ch\\\/fr\\\/#website\"},\"primaryImageOfPage\":{\"@id\":\"https:\\\/\\\/fricompost.site-preview.ch\\\/fr\\\/nos-service\\\/#primaryimage\"},\"image\":{\"@id\":\"https:\\\/\\\/fricompost.site-preview.ch\\\/fr\\\/nos-service\\\/#primaryimage\"},\"thumbnailUrl\":\"https:\\\/\\\/fricompost.site-preview.ch\\\/wp-content\\\/uploads\\\/2022\\\/02\\\/Header_Home.jpg\",\"datePublished\":\"2022-01-14T14:47:55+00:00\",\"dateModified\":\"2024-07-01T10:53:25+00:00\",\"breadcrumb\":{\"@id\":\"https:\\\/\\\/fricompost.site-preview.ch\\\/fr\\\/nos-service\\\/#breadcrumb\"},\"inLanguage\":\"fr-FR\",\"potentialAction\":[{\"@type\":\"ReadAction\",\"target\":[\"https:\\\/\\\/fricompost.site-preview.ch\\\/fr\\\/nos-service\\\/\"]}]},{\"@type\":\"ImageObject\",\"inLanguage\":\"fr-FR\",\"@id\":\"https:\\\/\\\/fricompost.site-preview.ch\\\/fr\\\/nos-service\\\/#primaryimage\",\"url\":\"https:\\\/\\\/fricompost.site-preview.ch\\\/wp-content\\\/uploads\\\/2022\\\/02\\\/Header_Home.jpg\",\"contentUrl\":\"https:\\\/\\\/fricompost.site-preview.ch\\\/wp-content\\\/uploads\\\/2022\\\/02\\\/Header_Home.jpg\",\"width\":1920,\"height\":600},{\"@type\":\"BreadcrumbList\",\"@id\":\"https:\\\/\\\/fricompost.site-preview.ch\\\/fr\\\/nos-service\\\/#breadcrumb\",\"itemListElement\":[{\"@type\":\"ListItem\",\"position\":1,\"name\":\"Home\",\"item\":\"https:\\\/\\\/fricompost.site-preview.ch\\\/fr\\\/\"},{\"@type\":\"ListItem\",\"position\":2,\"name\":\"Nos services\"}]},{\"@type\":\"WebSite\",\"@id\":\"https:\\\/\\\/fricompost.site-preview.ch\\\/fr\\\/#website\",\"url\":\"https:\\\/\\\/fricompost.site-preview.ch\\\/fr\\\/\",\"name\":\"Fricompost\",\"description\":\"Fricompost\",\"publisher\":{\"@id\":\"https:\\\/\\\/fricompost.site-preview.ch\\\/fr\\\/#organization\"},\"potentialAction\":[{\"@type\":\"SearchAction\",\"target\":{\"@type\":\"EntryPoint\",\"urlTemplate\":\"https:\\\/\\\/fricompost.site-preview.ch\\\/fr\\\/?s={search_term_string}\"},\"query-input\":{\"@type\":\"PropertyValueSpecification\",\"valueRequired\":true,\"valueName\":\"search_term_string\"}}],\"inLanguage\":\"fr-FR\"},{\"@type\":\"Organization\",\"@id\":\"https:\\\/\\\/fricompost.site-preview.ch\\\/fr\\\/#organization\",\"name\":\"Fricompost SA\",\"url\":\"https:\\\/\\\/fricompost.site-preview.ch\\\/fr\\\/\",\"logo\":{\"@type\":\"ImageObject\",\"inLanguage\":\"fr-FR\",\"@id\":\"https:\\\/\\\/fricompost.site-preview.ch\\\/fr\\\/#\\\/schema\\\/logo\\\/image\\\/\",\"url\":\"https:\\\/\\\/fricompost.site-preview.ch\\\/wp-content\\\/uploads\\\/2022\\\/06\\\/logo-fricompost.png\",\"contentUrl\":\"https:\\\/\\\/fricompost.site-preview.ch\\\/wp-content\\\/uploads\\\/2022\\\/06\\\/logo-fricompost.png\",\"width\":721,\"height\":200,\"caption\":\"Fricompost SA\"},\"image\":{\"@id\":\"https:\\\/\\\/fricompost.site-preview.ch\\\/fr\\\/#\\\/schema\\\/logo\\\/image\\\/\"}}]}<\/script>\n<!-- \/ Yoast SEO plugin. -->","yoast_head_json":{"title":"Nos services - Fricompost","robots":{"index":"index","follow":"follow","max-snippet":"max-snippet:-1","max-image-preview":"max-image-preview:large","max-video-preview":"max-video-preview:-1"},"canonical":"https:\/\/fricompost.site-preview.ch\/fr\/nos-service\/","og_locale":"fr_FR","og_type":"article","og_title":"Nos services - Fricompost","og_description":"Nous proposons diff\u00e9rents services de recyclage. Nous offrons la possibilit\u00e9 d&rsquo;\u00e9liminer les d\u00e9chets biog\u00e8nes directement sur nos sites de compostage. Les pr\u00e9cieuses mati\u00e8res premi\u00e8res sont ensuite transform\u00e9es en compost de haute qualit\u00e9. Depot Materiel CHF \/ t Poids sp\u00e9cifique CHF \/ m\u00b3 D\u00e9chets verts sans mati\u00e8res \u00e9trang\u00e8res 122.10 350 kg \/ m3 42.75 Branches propres, [&hellip;]","og_url":"https:\/\/fricompost.site-preview.ch\/fr\/nos-service\/","og_site_name":"Fricompost","article_modified_time":"2024-07-01T10:53:25+00:00","og_image":[{"width":1920,"height":600,"url":"https:\/\/fricompost.site-preview.ch\/wp-content\/uploads\/2022\/02\/Header_Home.jpg","type":"image\/jpeg"}],"twitter_card":"summary_large_image","twitter_misc":{"Dur\u00e9e de lecture estim\u00e9e":"3 minutes"},"schema":{"@context":"https:\/\/schema.org","@graph":[{"@type":"WebPage","@id":"https:\/\/fricompost.site-preview.ch\/fr\/nos-service\/","url":"https:\/\/fricompost.site-preview.ch\/fr\/nos-service\/","name":"Nos services - Fricompost","isPartOf":{"@id":"https:\/\/fricompost.site-preview.ch\/fr\/#website"},"primaryImageOfPage":{"@id":"https:\/\/fricompost.site-preview.ch\/fr\/nos-service\/#primaryimage"},"image":{"@id":"https:\/\/fricompost.site-preview.ch\/fr\/nos-service\/#primaryimage"},"thumbnailUrl":"https:\/\/fricompost.site-preview.ch\/wp-content\/uploads\/2022\/02\/Header_Home.jpg","datePublished":"2022-01-14T14:47:55+00:00","dateModified":"2024-07-01T10:53:25+00:00","breadcrumb":{"@id":"https:\/\/fricompost.site-preview.ch\/fr\/nos-service\/#breadcrumb"},"inLanguage":"fr-FR","potentialAction":[{"@type":"ReadAction","target":["https:\/\/fricompost.site-preview.ch\/fr\/nos-service\/"]}]},{"@type":"ImageObject","inLanguage":"fr-FR","@id":"https:\/\/fricompost.site-preview.ch\/fr\/nos-service\/#primaryimage","url":"https:\/\/fricompost.site-preview.ch\/wp-content\/uploads\/2022\/02\/Header_Home.jpg","contentUrl":"https:\/\/fricompost.site-preview.ch\/wp-content\/uploads\/2022\/02\/Header_Home.jpg","width":1920,"height":600},{"@type":"BreadcrumbList","@id":"https:\/\/fricompost.site-preview.ch\/fr\/nos-service\/#breadcrumb","itemListElement":[{"@type":"ListItem","position":1,"name":"Home","item":"https:\/\/fricompost.site-preview.ch\/fr\/"},{"@type":"ListItem","position":2,"name":"Nos services"}]},{"@type":"WebSite","@id":"https:\/\/fricompost.site-preview.ch\/fr\/#website","url":"https:\/\/fricompost.site-preview.ch\/fr\/","name":"Fricompost","description":"Fricompost","publisher":{"@id":"https:\/\/fricompost.site-preview.ch\/fr\/#organization"},"potentialAction":[{"@type":"SearchAction","target":{"@type":"EntryPoint","urlTemplate":"https:\/\/fricompost.site-preview.ch\/fr\/?s={search_term_string}"},"query-input":{"@type":"PropertyValueSpecification","valueRequired":true,"valueName":"search_term_string"}}],"inLanguage":"fr-FR"},{"@type":"Organization","@id":"https:\/\/fricompost.site-preview.ch\/fr\/#organization","name":"Fricompost SA","url":"https:\/\/fricompost.site-preview.ch\/fr\/","logo":{"@type":"ImageObject","inLanguage":"fr-FR","@id":"https:\/\/fricompost.site-preview.ch\/fr\/#\/schema\/logo\/image\/","url":"https:\/\/fricompost.site-preview.ch\/wp-content\/uploads\/2022\/06\/logo-fricompost.png","contentUrl":"https:\/\/fricompost.site-preview.ch\/wp-content\/uploads\/2022\/06\/logo-fricompost.png","width":721,"height":200,"caption":"Fricompost SA"},"image":{"@id":"https:\/\/fricompost.site-preview.ch\/fr\/#\/schema\/logo\/image\/"}}]}},"_links":{"self":[{"href":"https:\/\/fricompost.site-preview.ch\/fr\/wp-json\/wp\/v2\/pages\/276","targetHints":{"allow":["GET"]}}],"collection":[{"href":"https:\/\/fricompost.site-preview.ch\/fr\/wp-json\/wp\/v2\/pages"}],"about":[{"href":"https:\/\/fricompost.site-preview.ch\/fr\/wp-json\/wp\/v2\/types\/page"}],"author":[{"embeddable":true,"href":"https:\/\/fricompost.site-preview.ch\/fr\/wp-json\/wp\/v2\/users\/1"}],"replies":[{"embeddable":true,"href":"https:\/\/fricompost.site-preview.ch\/fr\/wp-json\/wp\/v2\/comments?post=276"}],"version-history":[{"count":8,"href":"https:\/\/fricompost.site-preview.ch\/fr\/wp-json\/wp\/v2\/pages\/276\/revisions"}],"predecessor-version":[{"id":623,"href":"https:\/\/fricompost.site-preview.ch\/fr\/wp-json\/wp\/v2\/pages\/276\/revisions\/623"}],"wp:featuredmedia":[{"embeddable":true,"href":"https:\/\/fricompost.site-preview.ch\/fr\/wp-json\/wp\/v2\/media\/264"}],"wp:attachment":[{"href":"https:\/\/fricompost.site-preview.ch\/fr\/wp-json\/wp\/v2\/media?parent=276"}],"curies":[{"name":"wp","href":"https:\/\/api.w.org\/{rel}","templated":true}]}}