{"id":282,"date":"2022-01-14T15:54:05","date_gmt":"2022-01-14T14:54:05","guid":{"rendered":"https:\/\/fricompost.site-preview.ch\/?page_id=282"},"modified":"2022-03-22T16:31:01","modified_gmt":"2022-03-22T15:31:01","slug":"a-propos-de-nous","status":"publish","type":"page","link":"https:\/\/fricompost.site-preview.ch\/fr\/a-propos-de-nous\/","title":{"rendered":"\u00c0 propos de nous"},"content":{"rendered":"\n<p>Fricompost est engag\u00e9 depuis 1996 dans le traitement et la valorisation des d\u00e9chets verts en un compost de grande qualit\u00e9. Le compostage des d\u00e9chets organiques permet de r\u00e9int\u00e9grer dans le sol les \u00e9l\u00e9ments nutritifs et organiques utilis\u00e9s par les plantes. L&rsquo;activit\u00e9 intervenant sur les deux sites de compostage contribue ainsi \u00e0 fermer le cycle naturel des mati\u00e8res. Les deux installations de compostage de Posieux et d&rsquo;Avenches permettent non seulement d&rsquo;\u00e9liminer les d\u00e9chets verts, mais aussi d&rsquo;acheter divers <a rel=\"noreferrer noopener\" href=\"https:\/\/fricompost.site-preview.ch\/fr\/produits\/\" data-type=\"URL\" data-id=\"https:\/\/fricompost.site-preview.ch\/fr\/produits\/\" target=\"_blank\">produits \u00e0 base d&rsquo;engrais, de terreau et de bois<\/a>.  <\/p>\n\n\n\n<p>En 2005, Fricompost SA fusionne avec l\u2019installation de compostage VEGEtech Compost \u00e0 Avenches. Les deux installations tra\u00eetent actuellement 30\u2019000 tonnes de d\u00e9chets verts par ann\u00e9e. En 2010, Fricompost est devenue la filiale d&rsquo;Axpo Biomasse SA. Fricompost \u00e9tait \u00e0 cette \u00e9poque \u00e0 la recherche d&rsquo;un moyen de se diversifier et a trouv\u00e9 en Axpo Biomasse SA la solution parfaite. Les nombreux sites d&rsquo;Axpo Biomasse AG permettent de r\u00e9partir les d\u00e9chets verts arrivant de mani\u00e8re irr\u00e9guli\u00e8re sur les diff\u00e9rents sites et de maximiser ainsi la production d&rsquo;\u00e9nergie et de compost : Tous ensemble pour un avenir durable.<\/p>\n\n\n\n<h2 class=\"wp-block-heading\" id=\"standorte-axpo-biomasse\">Sites Axpo Biomasse<\/h2>\n\n\n\n<p>Axpo est responsable de 22 sites dans le domaine de la m\u00e9thanisation et du compostage, ainsi que deux sites proposant des services mobiles. <br><a rel=\"noreferrer noopener\" href=\"https:\/\/www.axpo.com\/ch\/en\/business\/biomass-and-wood-energy\/biomass\/biomass-locations.html\" data-type=\"URL\" data-id=\"https:\/\/www.axpo.com\/ch\/en\/business\/biomass-and-wood-energy\/biomass\/biomass-locations.html\" target=\"_blank\">En savoir plus<\/a> <\/p>\n\n\n\n<figure class=\"wp-block-image size-large img-with-link axpo-img\"><img loading=\"lazy\" decoding=\"async\" width=\"1024\" height=\"550\" src=\"https:\/\/fricompost.site-preview.ch\/wp-content\/uploads\/2022\/03\/21024_Axpo_Standorte_Biomasse_FR-1-1024x550.jpg\" alt=\"\" class=\"wp-image-388\" srcset=\"https:\/\/fricompost.site-preview.ch\/wp-content\/uploads\/2022\/03\/21024_Axpo_Standorte_Biomasse_FR-1-1024x550.jpg 1024w, https:\/\/fricompost.site-preview.ch\/wp-content\/uploads\/2022\/03\/21024_Axpo_Standorte_Biomasse_FR-1-300x161.jpg 300w, https:\/\/fricompost.site-preview.ch\/wp-content\/uploads\/2022\/03\/21024_Axpo_Standorte_Biomasse_FR-1-768x412.jpg 768w, https:\/\/fricompost.site-preview.ch\/wp-content\/uploads\/2022\/03\/21024_Axpo_Standorte_Biomasse_FR-1-1536x825.jpg 1536w, https:\/\/fricompost.site-preview.ch\/wp-content\/uploads\/2022\/03\/21024_Axpo_Standorte_Biomasse_FR-1-2048x1100.jpg 2048w\" sizes=\"auto, (max-width: 1024px) 100vw, 1024px\" \/><\/figure>\n\n\n\n<div style=\"height:56px\" aria-hidden=\"true\" class=\"wp-block-spacer\"><\/div>\n\n\n\n<h2 class=\"wp-block-heading\" id=\"partnerschaften\">Partenariats<\/h2>\n\n\n<div class=\"wp-bootstrap-blocks-row row partnerschaften_heading\">\n\t\n\n<div class=\"col-12 col-md-4\">\n\t\t\t\n\n<h2 class=\"wp-block-heading\" id=\"ofefp\">OFEFP<\/h2>\n\n\t<\/div>\n\n\n\n<div class=\"col-12 col-md-4\">\n\t\t\t\n\n<h2 class=\"wp-block-heading\" id=\"sen\">SEN<\/h2>\n\n\t<\/div>\n\n\n\n<div class=\"col-12 col-md-4\">\n\t\t\t\n\n<h2 class=\"wp-block-heading\" id=\"canton-de-vaud\">Canton de Vaud<\/h2>\n\n\t<\/div>\n\n<\/div>\n\n\n\n<figure class=\"wp-block-gallery has-nested-images columns-3 partnerschaften wp-block-gallery-1 is-layout-flex wp-block-gallery-is-layout-flex\">\n<figure class=\"wp-block-image size-large img-with-link ofefp-img\"><img loading=\"lazy\" decoding=\"async\" width=\"100\" height=\"62\" data-id=\"71\" src=\"https:\/\/fricompost.site-preview.ch\/wp-content\/uploads\/2022\/01\/ofefp.jpg\" alt=\"\" class=\"wp-image-71\"\/><figcaption>OFEFP<\/figcaption><\/figure>\n\n\n\n<figure class=\"wp-block-image size-full img-with-link sen-img\"><img loading=\"lazy\" decoding=\"async\" width=\"750\" height=\"750\" data-id=\"70\" src=\"https:\/\/fricompost.site-preview.ch\/wp-content\/uploads\/2022\/01\/sen_logo.jpg\" alt=\"\" class=\"wp-image-70\" srcset=\"https:\/\/fricompost.site-preview.ch\/wp-content\/uploads\/2022\/01\/sen_logo.jpg 750w, https:\/\/fricompost.site-preview.ch\/wp-content\/uploads\/2022\/01\/sen_logo-300x300.jpg 300w, https:\/\/fricompost.site-preview.ch\/wp-content\/uploads\/2022\/01\/sen_logo-150x150.jpg 150w\" sizes=\"auto, (max-width: 750px) 100vw, 750px\" \/><figcaption>SEN<\/figcaption><\/figure>\n\n\n\n<figure class=\"wp-block-image size-full img-with-link vaud-img\"><img loading=\"lazy\" decoding=\"async\" width=\"206\" height=\"300\" data-id=\"69\" src=\"https:\/\/fricompost.site-preview.ch\/wp-content\/uploads\/2022\/01\/vd_logo_rvb_web.png\" alt=\"\" class=\"wp-image-69\"\/><figcaption>Canton de Vaud<\/figcaption><\/figure>\n<\/figure>\n","protected":false},"excerpt":{"rendered":"<p>Fricompost est engag\u00e9 depuis 1996 dans le traitement et la valorisation des d\u00e9chets verts en un compost de grande qualit\u00e9. Le compostage des d\u00e9chets organiques permet de r\u00e9int\u00e9grer dans le sol les \u00e9l\u00e9ments nutritifs et organiques utilis\u00e9s par les plantes. L&rsquo;activit\u00e9 intervenant sur les deux sites de compostage contribue ainsi \u00e0 fermer le cycle naturel [&hellip;]<\/p>\n","protected":false},"author":1,"featured_media":264,"parent":0,"menu_order":0,"comment_status":"closed","ping_status":"closed","template":"","meta":{"_acf_changed":false,"footnotes":""},"class_list":["post-282","page","type-page","status-publish","has-post-thumbnail","hentry"],"acf":[],"yoast_head":"<!-- This site is optimized with the Yoast SEO plugin v27.5 - https:\/\/yoast.com\/product\/yoast-seo-wordpress\/ -->\n<title>\u00c0 propos de nous - Fricompost<\/title>\n<meta name=\"robots\" content=\"index, follow, max-snippet:-1, max-image-preview:large, max-video-preview:-1\" \/>\n<link rel=\"canonical\" href=\"https:\/\/fricompost.site-preview.ch\/fr\/a-propos-de-nous\/\" \/>\n<meta property=\"og:locale\" content=\"fr_FR\" \/>\n<meta property=\"og:type\" content=\"article\" \/>\n<meta property=\"og:title\" content=\"\u00c0 propos de nous - Fricompost\" \/>\n<meta property=\"og:description\" content=\"Fricompost est engag\u00e9 depuis 1996 dans le traitement et la valorisation des d\u00e9chets verts en un compost de grande qualit\u00e9. Le compostage des d\u00e9chets organiques permet de r\u00e9int\u00e9grer dans le sol les \u00e9l\u00e9ments nutritifs et organiques utilis\u00e9s par les plantes. L&rsquo;activit\u00e9 intervenant sur les deux sites de compostage contribue ainsi \u00e0 fermer le cycle naturel [&hellip;]\" \/>\n<meta property=\"og:url\" content=\"https:\/\/fricompost.site-preview.ch\/fr\/a-propos-de-nous\/\" \/>\n<meta property=\"og:site_name\" content=\"Fricompost\" \/>\n<meta property=\"article:modified_time\" content=\"2022-03-22T15:31:01+00:00\" \/>\n<meta property=\"og:image\" content=\"https:\/\/fricompost.site-preview.ch\/wp-content\/uploads\/2022\/02\/Header_Home.jpg\" \/>\n\t<meta property=\"og:image:width\" content=\"1920\" \/>\n\t<meta property=\"og:image:height\" content=\"600\" \/>\n\t<meta property=\"og:image:type\" content=\"image\/jpeg\" \/>\n<meta name=\"twitter:card\" content=\"summary_large_image\" \/>\n<meta name=\"twitter:label1\" content=\"Dur\u00e9e de lecture estim\u00e9e\" \/>\n\t<meta name=\"twitter:data1\" content=\"1 minute\" \/>\n<script type=\"application\/ld+json\" class=\"yoast-schema-graph\">{\"@context\":\"https:\\\/\\\/schema.org\",\"@graph\":[{\"@type\":\"WebPage\",\"@id\":\"https:\\\/\\\/fricompost.site-preview.ch\\\/fr\\\/a-propos-de-nous\\\/\",\"url\":\"https:\\\/\\\/fricompost.site-preview.ch\\\/fr\\\/a-propos-de-nous\\\/\",\"name\":\"\u00c0 propos de nous - Fricompost\",\"isPartOf\":{\"@id\":\"https:\\\/\\\/fricompost.site-preview.ch\\\/fr\\\/#website\"},\"primaryImageOfPage\":{\"@id\":\"https:\\\/\\\/fricompost.site-preview.ch\\\/fr\\\/a-propos-de-nous\\\/#primaryimage\"},\"image\":{\"@id\":\"https:\\\/\\\/fricompost.site-preview.ch\\\/fr\\\/a-propos-de-nous\\\/#primaryimage\"},\"thumbnailUrl\":\"https:\\\/\\\/fricompost.site-preview.ch\\\/wp-content\\\/uploads\\\/2022\\\/02\\\/Header_Home.jpg\",\"datePublished\":\"2022-01-14T14:54:05+00:00\",\"dateModified\":\"2022-03-22T15:31:01+00:00\",\"breadcrumb\":{\"@id\":\"https:\\\/\\\/fricompost.site-preview.ch\\\/fr\\\/a-propos-de-nous\\\/#breadcrumb\"},\"inLanguage\":\"fr-FR\",\"potentialAction\":[{\"@type\":\"ReadAction\",\"target\":[\"https:\\\/\\\/fricompost.site-preview.ch\\\/fr\\\/a-propos-de-nous\\\/\"]}]},{\"@type\":\"ImageObject\",\"inLanguage\":\"fr-FR\",\"@id\":\"https:\\\/\\\/fricompost.site-preview.ch\\\/fr\\\/a-propos-de-nous\\\/#primaryimage\",\"url\":\"https:\\\/\\\/fricompost.site-preview.ch\\\/wp-content\\\/uploads\\\/2022\\\/02\\\/Header_Home.jpg\",\"contentUrl\":\"https:\\\/\\\/fricompost.site-preview.ch\\\/wp-content\\\/uploads\\\/2022\\\/02\\\/Header_Home.jpg\",\"width\":1920,\"height\":600},{\"@type\":\"BreadcrumbList\",\"@id\":\"https:\\\/\\\/fricompost.site-preview.ch\\\/fr\\\/a-propos-de-nous\\\/#breadcrumb\",\"itemListElement\":[{\"@type\":\"ListItem\",\"position\":1,\"name\":\"Home\",\"item\":\"https:\\\/\\\/fricompost.site-preview.ch\\\/fr\\\/\"},{\"@type\":\"ListItem\",\"position\":2,\"name\":\"\u00c0 propos de nous\"}]},{\"@type\":\"WebSite\",\"@id\":\"https:\\\/\\\/fricompost.site-preview.ch\\\/fr\\\/#website\",\"url\":\"https:\\\/\\\/fricompost.site-preview.ch\\\/fr\\\/\",\"name\":\"Fricompost\",\"description\":\"Fricompost\",\"publisher\":{\"@id\":\"https:\\\/\\\/fricompost.site-preview.ch\\\/fr\\\/#organization\"},\"potentialAction\":[{\"@type\":\"SearchAction\",\"target\":{\"@type\":\"EntryPoint\",\"urlTemplate\":\"https:\\\/\\\/fricompost.site-preview.ch\\\/fr\\\/?s={search_term_string}\"},\"query-input\":{\"@type\":\"PropertyValueSpecification\",\"valueRequired\":true,\"valueName\":\"search_term_string\"}}],\"inLanguage\":\"fr-FR\"},{\"@type\":\"Organization\",\"@id\":\"https:\\\/\\\/fricompost.site-preview.ch\\\/fr\\\/#organization\",\"name\":\"Fricompost SA\",\"url\":\"https:\\\/\\\/fricompost.site-preview.ch\\\/fr\\\/\",\"logo\":{\"@type\":\"ImageObject\",\"inLanguage\":\"fr-FR\",\"@id\":\"https:\\\/\\\/fricompost.site-preview.ch\\\/fr\\\/#\\\/schema\\\/logo\\\/image\\\/\",\"url\":\"https:\\\/\\\/fricompost.site-preview.ch\\\/wp-content\\\/uploads\\\/2022\\\/06\\\/logo-fricompost.png\",\"contentUrl\":\"https:\\\/\\\/fricompost.site-preview.ch\\\/wp-content\\\/uploads\\\/2022\\\/06\\\/logo-fricompost.png\",\"width\":721,\"height\":200,\"caption\":\"Fricompost SA\"},\"image\":{\"@id\":\"https:\\\/\\\/fricompost.site-preview.ch\\\/fr\\\/#\\\/schema\\\/logo\\\/image\\\/\"}}]}<\/script>\n<!-- \/ Yoast SEO plugin. -->","yoast_head_json":{"title":"\u00c0 propos de nous - Fricompost","robots":{"index":"index","follow":"follow","max-snippet":"max-snippet:-1","max-image-preview":"max-image-preview:large","max-video-preview":"max-video-preview:-1"},"canonical":"https:\/\/fricompost.site-preview.ch\/fr\/a-propos-de-nous\/","og_locale":"fr_FR","og_type":"article","og_title":"\u00c0 propos de nous - Fricompost","og_description":"Fricompost est engag\u00e9 depuis 1996 dans le traitement et la valorisation des d\u00e9chets verts en un compost de grande qualit\u00e9. Le compostage des d\u00e9chets organiques permet de r\u00e9int\u00e9grer dans le sol les \u00e9l\u00e9ments nutritifs et organiques utilis\u00e9s par les plantes. L&rsquo;activit\u00e9 intervenant sur les deux sites de compostage contribue ainsi \u00e0 fermer le cycle naturel [&hellip;]","og_url":"https:\/\/fricompost.site-preview.ch\/fr\/a-propos-de-nous\/","og_site_name":"Fricompost","article_modified_time":"2022-03-22T15:31:01+00:00","og_image":[{"width":1920,"height":600,"url":"https:\/\/fricompost.site-preview.ch\/wp-content\/uploads\/2022\/02\/Header_Home.jpg","type":"image\/jpeg"}],"twitter_card":"summary_large_image","twitter_misc":{"Dur\u00e9e de lecture estim\u00e9e":"1 minute"},"schema":{"@context":"https:\/\/schema.org","@graph":[{"@type":"WebPage","@id":"https:\/\/fricompost.site-preview.ch\/fr\/a-propos-de-nous\/","url":"https:\/\/fricompost.site-preview.ch\/fr\/a-propos-de-nous\/","name":"\u00c0 propos de nous - Fricompost","isPartOf":{"@id":"https:\/\/fricompost.site-preview.ch\/fr\/#website"},"primaryImageOfPage":{"@id":"https:\/\/fricompost.site-preview.ch\/fr\/a-propos-de-nous\/#primaryimage"},"image":{"@id":"https:\/\/fricompost.site-preview.ch\/fr\/a-propos-de-nous\/#primaryimage"},"thumbnailUrl":"https:\/\/fricompost.site-preview.ch\/wp-content\/uploads\/2022\/02\/Header_Home.jpg","datePublished":"2022-01-14T14:54:05+00:00","dateModified":"2022-03-22T15:31:01+00:00","breadcrumb":{"@id":"https:\/\/fricompost.site-preview.ch\/fr\/a-propos-de-nous\/#breadcrumb"},"inLanguage":"fr-FR","potentialAction":[{"@type":"ReadAction","target":["https:\/\/fricompost.site-preview.ch\/fr\/a-propos-de-nous\/"]}]},{"@type":"ImageObject","inLanguage":"fr-FR","@id":"https:\/\/fricompost.site-preview.ch\/fr\/a-propos-de-nous\/#primaryimage","url":"https:\/\/fricompost.site-preview.ch\/wp-content\/uploads\/2022\/02\/Header_Home.jpg","contentUrl":"https:\/\/fricompost.site-preview.ch\/wp-content\/uploads\/2022\/02\/Header_Home.jpg","width":1920,"height":600},{"@type":"BreadcrumbList","@id":"https:\/\/fricompost.site-preview.ch\/fr\/a-propos-de-nous\/#breadcrumb","itemListElement":[{"@type":"ListItem","position":1,"name":"Home","item":"https:\/\/fricompost.site-preview.ch\/fr\/"},{"@type":"ListItem","position":2,"name":"\u00c0 propos de nous"}]},{"@type":"WebSite","@id":"https:\/\/fricompost.site-preview.ch\/fr\/#website","url":"https:\/\/fricompost.site-preview.ch\/fr\/","name":"Fricompost","description":"Fricompost","publisher":{"@id":"https:\/\/fricompost.site-preview.ch\/fr\/#organization"},"potentialAction":[{"@type":"SearchAction","target":{"@type":"EntryPoint","urlTemplate":"https:\/\/fricompost.site-preview.ch\/fr\/?s={search_term_string}"},"query-input":{"@type":"PropertyValueSpecification","valueRequired":true,"valueName":"search_term_string"}}],"inLanguage":"fr-FR"},{"@type":"Organization","@id":"https:\/\/fricompost.site-preview.ch\/fr\/#organization","name":"Fricompost SA","url":"https:\/\/fricompost.site-preview.ch\/fr\/","logo":{"@type":"ImageObject","inLanguage":"fr-FR","@id":"https:\/\/fricompost.site-preview.ch\/fr\/#\/schema\/logo\/image\/","url":"https:\/\/fricompost.site-preview.ch\/wp-content\/uploads\/2022\/06\/logo-fricompost.png","contentUrl":"https:\/\/fricompost.site-preview.ch\/wp-content\/uploads\/2022\/06\/logo-fricompost.png","width":721,"height":200,"caption":"Fricompost SA"},"image":{"@id":"https:\/\/fricompost.site-preview.ch\/fr\/#\/schema\/logo\/image\/"}}]}},"_links":{"self":[{"href":"https:\/\/fricompost.site-preview.ch\/fr\/wp-json\/wp\/v2\/pages\/282","targetHints":{"allow":["GET"]}}],"collection":[{"href":"https:\/\/fricompost.site-preview.ch\/fr\/wp-json\/wp\/v2\/pages"}],"about":[{"href":"https:\/\/fricompost.site-preview.ch\/fr\/wp-json\/wp\/v2\/types\/page"}],"author":[{"embeddable":true,"href":"https:\/\/fricompost.site-preview.ch\/fr\/wp-json\/wp\/v2\/users\/1"}],"replies":[{"embeddable":true,"href":"https:\/\/fricompost.site-preview.ch\/fr\/wp-json\/wp\/v2\/comments?post=282"}],"version-history":[{"count":9,"href":"https:\/\/fricompost.site-preview.ch\/fr\/wp-json\/wp\/v2\/pages\/282\/revisions"}],"predecessor-version":[{"id":415,"href":"https:\/\/fricompost.site-preview.ch\/fr\/wp-json\/wp\/v2\/pages\/282\/revisions\/415"}],"wp:featuredmedia":[{"embeddable":true,"href":"https:\/\/fricompost.site-preview.ch\/fr\/wp-json\/wp\/v2\/media\/264"}],"wp:attachment":[{"href":"https:\/\/fricompost.site-preview.ch\/fr\/wp-json\/wp\/v2\/media?parent=282"}],"curies":[{"name":"wp","href":"https:\/\/api.w.org\/{rel}","templated":true}]}}