{"id":296,"date":"2022-01-12T12:09:41","date_gmt":"2022-01-12T11:09:41","guid":{"rendered":"https:\/\/fricompost.site-preview.ch\/?page_id=296"},"modified":"2022-03-15T11:13:37","modified_gmt":"2022-03-15T10:13:37","slug":"datenschutzerklarung-franz","status":"publish","type":"page","link":"https:\/\/fricompost.site-preview.ch\/fr\/datenschutzerklarung-franz\/","title":{"rendered":"Politique de confidentialit\u00e9"},"content":{"rendered":"\n<p>Derni\u00e8re mise \u00e0 jour: 04.06.2020<\/p>\n\n\n\n<p>La politique de confidentialit\u00e9 suivante vous renseigne sur quelles donn\u00e9es \u00e0 caract\u00e8re personnel (donn\u00e9es personnelles) sont trait\u00e9es, comment et \u00e0 quelles fins lorsque vous visitez notre site web, b\u00e9n\u00e9ficiez de l&rsquo;un de nos services en ligne ou nous contactez d&rsquo;une autre mani\u00e8re.<\/p>\n\n\n\n<p>Fricompost SA accorde une grande importance \u00e0 la protection de votre vie priv\u00e9e. Nous traitons vos donn\u00e9es personnelles conform\u00e9ment \u00e0 la l\u00e9gislation applicable en mati\u00e8re de protection des donn\u00e9es<\/p>\n\n\n\n<p><strong>Aper\u00e7u des th\u00e8mes<\/strong><\/p>\n\n\n\n<p><strong>Contact<\/strong><\/p>\n\n\n\n<p>La soci\u00e9t\u00e9 Fricompost SA, Route de la Combe 46 \u2013 1725 Posieux\/Hauterive \/ La Saugette 27 \u2013 1580 Avenches, (\u00abnous\u00bb) est responsable des traitements de donn\u00e9es conform\u00e9ment \u00e0 la pr\u00e9sente politique de confidentialit\u00e9.<\/p>\n\n\n\n<p>Si vous avez d&rsquo;autres questions concernant la pr\u00e9sente politique de confidentialit\u00e9, le traitement de vos donn\u00e9es personnelles et\/ou l&rsquo;exercice de vos droits dans ce contexte, vous pouvez nous contacter via le <a href=\"https:\/\/fricompost.site-preview.ch\/fr\/contact\/\" data-type=\"URL\" data-id=\"https:\/\/fricompost.site-preview.ch\/fr\/contact\/\">formulaire de <\/a><a href=\"https:\/\/fricompost.site-preview.ch\/fr\/contact\/\" data-type=\"URL\" data-id=\"https:\/\/fricompost.site-preview.ch\/fr\/contact\/\" target=\"_blank\" rel=\"noreferrer noopener\">contact<\/a>.<\/p>\n\n\n\n<p>Notre d\u00e9l\u00e9gu\u00e9 \u00e0 la protection des donn\u00e9es sera heureux de r\u00e9pondre \u00e0 votre demande. Pour des raisons de s\u00e9curit\u00e9, nous pouvons prendre des mesures appropri\u00e9es pour v\u00e9rifier votre identit\u00e9.<\/p>\n\n\n\n<p><strong>Notre traitement de vos donn\u00e9es personnelles<\/strong><\/p>\n\n\n\n<p>Lorsque vous visitez ce site Internet, diverses donn\u00e9es personnelles vous concernant sont collect\u00e9es, enregistr\u00e9es et exploit\u00e9es. Cela s&rsquo;applique notamment aux donn\u00e9es personnelles suivantes et s\u2019effectue dans les situations suivantes aux fins \u00e9num\u00e9r\u00e9es ci-dessous:<\/p>\n\n\n\n<p><strong>2.1. Visite de notre site Internet<\/strong><\/p>\n\n\n\n<p><strong>2.1.1. Journaux de donn\u00e9es<\/strong><\/p>\n\n\n\n<p>Lorsque vous visitez notre site Internet, des donn\u00e9es techniques sont collect\u00e9es, \u00e0 savoir votre adresse IP ou celle de votre fournisseur d&rsquo;acc\u00e8s \u00e0 Internet, la page initiale \u00e0 partir de laquelle vous \u00eates arriv\u00e9 sur notre site, le type de navigateur, le syst\u00e8me d&rsquo;exploitation et la plateforme, les pages consult\u00e9es sur www.fricompost.ch, les temps d\u2019acc\u00e8s et la date (ci-apr\u00e8s d\u00e9sign\u00e9es \u00abdonn\u00e9es de connexion\u00bb). Ces donn\u00e9es sont automatiquement conserv\u00e9es dans des logfiles pendant une p\u00e9riode de 6 mois. Nous traitons ces donn\u00e9es de connexion dans le but d&rsquo;optimiser la fourniture de notre site Internet, notamment pour analyser la mani\u00e8re dont les visiteurs utilisent ce site Internet; elles sont \u00e9galement exploit\u00e9es \u00e0 des fins statistiques et utilis\u00e9es dans le cadre de mesures internes visant \u00e0 am\u00e9liorer la s\u00e9curit\u00e9 et la qualit\u00e9.<\/p>\n\n\n\n<p><strong>2.1.2. Cookies<\/strong><\/p>\n\n\n\n<p>Ce site Internet utilise \u00e9galement des cookies pour le tra\u00e7age de l&rsquo;utilisation du site. Il s&rsquo;agit de petits fichiers qu&rsquo;un portail web laisse sur votre ordinateur, tablette ou smartphone lorsque vous le visitez. Cela permet au site Internet de \u00abm\u00e9moriser\u00bb certaines entr\u00e9es et certains param\u00e8tres (par exemple le login, la langue, la taille des caract\u00e8res et d&rsquo;autres pr\u00e9f\u00e9rences d&rsquo;affichage) pendant une certaine p\u00e9riode de temps. Vous n&rsquo;avez ainsi pas besoin de les indiquer \u00e0 nouveau \u00e0 chaque visite ou navigation sur le portail. Sur notre site Internet, nous utilisons des cookies pour analyser l&rsquo;utilisation de notre site. Il s&rsquo;agit notamment de m\u00e9moriser votre \u00e9ventuelle participation \u00e0 une enqu\u00eate, l&rsquo;utilit\u00e9 du contenu (afin que vous ne soyez pas invit\u00e9 \u00e0 y r\u00e9pondre \u00e0 nouveau par une fen\u00eatre pop-up) ou votre d\u00e9cision d&rsquo;utiliser (ou non) des cookies sur ce portail.<\/p>\n\n\n\n<p>Les informations collect\u00e9es par les cookies ne sont pas utilis\u00e9es pour vous identifier, et les cookies ne servent pas \u00e0 d&rsquo;autres fins que celles mentionn\u00e9es ici. L&rsquo;acceptation des cookies n&rsquo;est pas absolument n\u00e9cessaire pour utiliser le site Internet, mais elle rend la navigation plus agr\u00e9able. Vous pouvez bloquer ou supprimer les cookies dans votre navigateur web. Vous pouvez trouver comment faire ici: <a href=\"https:\/\/www.aboutcookies.org\/\" data-type=\"URL\" data-id=\"https:\/\/www.aboutcookies.org\/\" target=\"_blank\" rel=\"noreferrer noopener\">www.aboutcookies.org<\/a>. Vous pouvez supprimer tous les cookies stock\u00e9s sur votre ordinateur et configurer la plupart des navigateurs pour emp\u00eacher le stockage de cookies. Toutefois, il se peut que vous deviez alors effectuer certains r\u00e9glages manuellement \u00e0 chaque fois que vous visitez un site et accepter la perturbation de certaines fonctions.<\/p>\n\n\n\n<p><strong>2.1.5. Liens de sites Internet de tiers<\/strong><\/p>\n\n\n\n<p>Ce site Internet peut inclure des contenus de tiers ou des liens vers des sites Internet de tiers, qui sont fournis uniquement pour des raisons de facilit\u00e9 d\u2019utilisation et d&rsquo;information. Nous attirons votre attention sur le fait que la pr\u00e9sente politique de confidentialit\u00e9 ne s&rsquo;\u00e9tend pas \u00e0 ces contenus ou aux sites Internet de tiers. Les contenus ou les sites Internet de tiers \u2013 y compris les sites Internet de tiers qui renvoient au site Internet de Fricompost ou qui l&rsquo;affichent dans des cadres ou qui sont affich\u00e9s dans des cadres sur ce site \u2013 sont hors de notre contr\u00f4le. Nous d\u00e9clinons toute responsabilit\u00e9 quant \u00e0 l&rsquo;exactitude, l&rsquo;exhaustivit\u00e9 et la l\u00e9galit\u00e9 des contenus et liens vers d&rsquo;autres sites Internet qui y figurent, ainsi que des \u00e9ventuels services, offres et autres contenus de ce type qui y figurent. L&rsquo;utilisation de ces contenus ou sites Internet s\u2019effectue sous votre propre responsabilit\u00e9.<\/p>\n\n\n\n<p><strong>2.1.6. Utilisation de services en ligne<\/strong><\/p>\n\n\n\n<p>En vous inscrivant \u00e0 des offres en ligne, en remplissant le formulaire de contact, en commandant des produits ou par d&rsquo;autres interactions sur notre site Internet, vous nous fournissez des informations vous concernant telles que votre nom, votre adresse, votre adresse e-mail (\u00abdonn\u00e9es relatives au contenu\u00bb). Si vous utilisez l&rsquo;une de nos offres en ligne, nous traitons vos donn\u00e9es personnelles afin de pouvoir vous fournir ce service et l\u2019ex\u00e9cuter de fa\u00e7on satisfaisante.<\/p>\n\n\n\n<p><strong>2.2. Traitement des donn\u00e9es de contact<\/strong><\/p>\n\n\n\n<p>Lorsque nous \u00e9tablissons et ex\u00e9cutons des relations commerciales avec des clients, nous traitons et stockons des donn\u00e9es personnelles pour l&rsquo;initiation et l\u2019ex\u00e9cution de contrats, pour la planification, \u00e0 des fins comptables et \u00e0 d&rsquo;autres fins li\u00e9es au contrat.<\/p>\n\n\n\n<p><strong>3. Bases l\u00e9gales du traitement<\/strong><\/p>\n\n\n\n<p>Selon la finalit\u00e9, nos traitements reposent sur des bases l\u00e9gales diff\u00e9rentes. Nous pouvons notamment traiter des donn\u00e9es personnelles si le traitement:<br>(a) est n\u00e9cessaire \u00e0 l&rsquo;ex\u00e9cution d&rsquo;un contrat avec vous;<br>(b) est n\u00e9cessaire pour la d\u00e9fense d\u2019int\u00e9r\u00eats l\u00e9gitimes;<br>(c) est fond\u00e9 sur un consentement effectif qui n&rsquo;a pas \u00e9t\u00e9 retir\u00e9;<br>(d) est n\u00e9cessaire pour respecter des obligations l\u00e9gales.<br>Parmi les int\u00e9r\u00eats l\u00e9gitimes, nous comptons par exemple:<br>(a) notre service client\u00e8le et l&rsquo;entretien de nos relations commerciales (par exemple, entretien des contacts, communication avec nos partenaires commerciaux);<br>(b) activit\u00e9s publicitaires et marketing;<br>(c) la possibilit\u00e9 de mieux conna\u00eetre les utilisateurs de notre site Internet et de nos services en ligne;<br>(d) l&rsquo;am\u00e9lioration et le d\u00e9veloppement de nos produits et services (par exemple, la s\u00e9curit\u00e9 informatique dans le cadre de l&rsquo;utilisation de notre site Internet; l&rsquo;am\u00e9lioration de notre offre de services en ligne)<br>(d) l&rsquo;administration intragroupe.<\/p>\n\n\n\n<p>Nous collectons les donn\u00e9es personnelles qui sont n\u00e9cessaires \u00e0 l&rsquo;\u00e9tablissement et \u00e0 l\u2019ex\u00e9cution d&rsquo;une relation contractuelle avec vous ou une entreprise pour laquelle vous travaillez. Le traitement de journaux de donn\u00e9es et de certaines autres donn\u00e9es lors de l&rsquo;utilisation de sites Internet est \u00e9galement in\u00e9vitable d\u2019un point de vue technique. En outre, lorsque vous communiquez avec nous, nous devons au moins traiter les donn\u00e9es personnelles que vous nous transmettez ou que nous vous transmettons.<\/p>\n\n\n\n<p><strong>4. Vos droits en relation avec le traitement de donn\u00e9es personnelles<\/strong><\/p>\n\n\n\n<p>S\u2019agissant du traitement de vos donn\u00e9es personnelles, vous disposez des droits suivants dans le cadre du droit qui vous est applicable:<\/p>\n\n\n\n<p><strong>Droit d\u2019acc\u00e8s:<\/strong><\/p>\n\n\n\n<p>Vous avez le droit de demander \u00e0 tout moment et gratuitement d\u2019acc\u00e9der \u00e0 vos donn\u00e9es personnelles stock\u00e9es chez nous. Le droit d\u2019acc\u00e8s peut, en l\u2019esp\u00e8ce, \u00eatre limit\u00e9 ou exclu, notamment s&rsquo;il existe des doutes sur l&rsquo;identit\u00e9 ou si cela est n\u00e9cessaire pour prot\u00e9ger d&rsquo;autres personnes.<\/p>\n\n\n\n<p><strong>Droit de rectification:<\/strong><\/p>\n\n\n\n<p>Vous avez le droit de faire rectifier ou compl\u00e9ter des donn\u00e9es personnelles inexactes ou incompl\u00e8tes et d&rsquo;\u00eatre inform\u00e9 de la rectification.<\/p>\n\n\n\n<p><strong>Droit \u00e0 l\u2019effacement:<\/strong><\/p>\n\n\n\n<p>Vous avez le droit de demander l\u2019effacement de vos donn\u00e9es personnelles si celles-ci ne sont plus n\u00e9cessaires aux fins poursuivies, si vous avez retir\u00e9 votre consentement ou vous \u00eates oppos\u00e9 au traitement ou si les donn\u00e9es personnelles sont trait\u00e9es ill\u00e9galement.<\/p>\n\n\n\n<p><strong>Droit \u00e0 la limitation du traitement:<\/strong><\/p>\n\n\n\n<p>Dans certaines circonstances, vous avez le droit d&rsquo;exiger que le traitement de vos donn\u00e9es personnelles soit limit\u00e9.<\/p>\n\n\n\n<p><strong>Droit \u00e0 la portabilit\u00e9 des donn\u00e9es:<\/strong><\/p>\n\n\n\n<p>Vous avez le droit de recevoir de notre part les donn\u00e9es personnelles que vous nous avez fournies, dans un format structur\u00e9, couramment utilis\u00e9 et lisible par machine, \u00e0 condition que le traitement concret des donn\u00e9es soit fond\u00e9 sur votre consentement ou soit n\u00e9cessaire \u00e0 l&rsquo;ex\u00e9cution du contrat et que le traitement soit effectu\u00e9 \u00e0 l&rsquo;aide de proc\u00e9d\u00e9s automatis\u00e9s.<\/p>\n\n\n\n<p><strong>Droit de r\u00e9vocation:<\/strong><\/p>\n\n\n\n<p>Vous avez le droit de r\u00e9voquer \u00e0 tout moment votre consentement pr\u00e9alablement accord\u00e9 \u00e0 un traitement sp\u00e9cifique. La r\u00e9vocation n&rsquo;est valable que pour l&rsquo;avenir; les activit\u00e9s de traitement du pass\u00e9, qui ont \u00e9t\u00e9 effectu\u00e9es sur la base de votre consentement, ne sont pas affect\u00e9es par votre r\u00e9vocation et restent l\u00e9gales.<\/p>\n\n\n\n<p><strong>Droit d\u2019opposition:<\/strong><\/p>\n\n\n\n<p>Vous pouvez vous opposer au traitement des donn\u00e9es \u00e0 tout moment et r\u00e9voquer librement votre consentement au traitement des donn\u00e9es. Un droit d&rsquo;opposition existe notamment contre les traitements des donn\u00e9es dans le cadre de la publicit\u00e9 directe (par exemple contre les newsletters).<\/p>\n\n\n\n<p>Pour exercer ces droits, veuillez contacter le d\u00e9l\u00e9gu\u00e9 \u00e0 la protection des donn\u00e9es par courrier \u00e9lectronique.<\/p>\n\n\n\n<p><strong>Droit de recours:<\/strong><\/p>\n\n\n\n<p>Vous \u00eates libre de vous plaindre aupr\u00e8s de l&rsquo;autorit\u00e9 de contr\u00f4le comp\u00e9tente si vous estimez que vos droits ont \u00e9t\u00e9 viol\u00e9s par un traitement de donn\u00e9es particulier. En Suisse, veuillez vous adresser au Pr\u00e9pos\u00e9 f\u00e9d\u00e9ral \u00e0 la protection des donn\u00e9es et \u00e0 la transparence (PFPDT).<\/p>\n\n\n\n<p><strong>5. Communication de vos donn\u00e9es personnelles<\/strong><\/p>\n\n\n\n<p>Nous pouvons communiquer vos donn\u00e9es personnelles, que nous traitons aux fins susmentionn\u00e9es, \u00e0 d&rsquo;autres soci\u00e9t\u00e9s du groupe Axpo. Une communication a lieu exclusivement pour les besoins de l&rsquo;administration interne du groupe (par exemple, la comptabilit\u00e9, l&rsquo;administration centralis\u00e9e des clients, etc.).<\/p>\n\n\n\n<p>Vos donn\u00e9es personnelles ne seront pas partag\u00e9es avec des tiers en dehors du groupe. Axpo se r\u00e9serve le droit de transmettre vos donn\u00e9es personnelles \u00e0 d&rsquo;autres entreprises, dans la mesure o\u00f9 cela est n\u00e9cessaire pour fournir des services \u00e0 Axpo. Lors du traitement de vos donn\u00e9es personnelles, ces entreprises sont tenues vis-\u00e0-vis d&rsquo;Axpo (par exemple par contrat) de respecter les lois applicables ainsi que notre politique de confidentialit\u00e9. En outre, Axpo ne communiquera vos donn\u00e9es \u00e0 d&rsquo;autres tiers que si et dans la mesure o\u00f9 cela est requis ou autoris\u00e9 par la l\u00e9gislation en vigueur, en s\u2019appuyant sur des d\u00e9cisions de justice ou des r\u00e8glements officiels.<\/p>\n\n\n\n<p><strong>6. Stockage de donn\u00e9es<\/strong><\/p>\n\n\n\n<p>Nous ne conserverons vos donn\u00e9es personnelles conform\u00e9ment aux lois applicables en mati\u00e8re de protection des donn\u00e9es qu&rsquo;aussi longtemps qu&rsquo;elles seront n\u00e9cessaires pour la finalit\u00e9 indiqu\u00e9e. Les donn\u00e9es techniques (par exemple les logfiles) ou les cookies seront supprim\u00e9s au plus tard au bout de 6 mois si nous sommes responsables du traitement correspondant.<\/p>\n\n\n\n<p><strong>7. S\u00e9curit\u00e9 des donn\u00e9es<\/strong><\/p>\n\n\n\n<p>Nous prenons les mesures techniques et organisationnelles appropri\u00e9es pour assurer la protection de vos donn\u00e9es personnelles. Des personnes ont acc\u00e8s \u00e0 vos donn\u00e9es personnelles seulement si et dans la mesure o\u00f9 cela est n\u00e9cessaire aux fins d\u00e9crites ici et pour l&rsquo;exercice de l\u2019activit\u00e9 concern\u00e9e (par exemple, les responsables de syst\u00e8mes informatiques). Toutes les personnes sont soumises \u00e0 l&rsquo;obligation de traiter les donn\u00e9es personnelles de mani\u00e8re confidentielle et exclusivement en conformit\u00e9 avec les r\u00e8gles et dispositions applicables en mati\u00e8re de protection des donn\u00e9es. Les donn\u00e9es nous sont transmises via un r\u00e9seau ouvert, accessible \u00e0 tous et transfrontalier, et sont transmises sans cryptage. Toutefois, Fricompost SA a pris des mesures de s\u00e9curit\u00e9 pour prot\u00e9ger les donn\u00e9es contre des actions non autoris\u00e9es et pour garantir l&rsquo;authenticit\u00e9 du site Internet et l&rsquo;int\u00e9grit\u00e9 des donn\u00e9es. N\u00e9anmoins, il ne peut \u00eatre exclu que les donn\u00e9es ainsi envoy\u00e9es soient perdues, qu&rsquo;elles puissent \u00eatre consult\u00e9es par des tiers et que le contact avec nous puisse ainsi \u00eatre suivi. Par cons\u00e9quent, cela peut entra\u00eener la divulgation de vos donn\u00e9es ou la modification de leur contenu, et donc \u00e9galement dans les pays ne disposant pas d&rsquo;un niveau de protection des donn\u00e9es ad\u00e9quat. En outre, les donn\u00e9es personnelles peuvent \u00e9galement \u00eatre transf\u00e9r\u00e9es via ou dans des pays ne disposant pas d&rsquo;un niveau de protection des donn\u00e9es ad\u00e9quat. Nous d\u00e9clinons toute responsabilit\u00e9 pour les dommages directs ou indirects r\u00e9sultant de ces transmissions de donn\u00e9es.<\/p>\n\n\n\n<p><strong>8. Modifications<\/strong><\/p>\n\n\n\n<p>La politique de confidentialit\u00e9 suivante peut \u00eatre r\u00e9vis\u00e9e \u00e0 intervalles d\u00e9finis, \u00e0 notre discr\u00e9tion et sans pr\u00e9avis. La derni\u00e8re version en vigueur disponible de la politique de confidentialit\u00e9 \u00e0 la date du traitement de vos donn\u00e9es personnelles s&rsquo;applique.<\/p>\n","protected":false},"excerpt":{"rendered":"<p>Derni\u00e8re mise \u00e0 jour: 04.06.2020 La politique de confidentialit\u00e9 suivante vous renseigne sur quelles donn\u00e9es \u00e0 caract\u00e8re personnel (donn\u00e9es personnelles) sont trait\u00e9es, comment et \u00e0 quelles fins lorsque vous visitez notre site web, b\u00e9n\u00e9ficiez de l&rsquo;un de nos services en ligne ou nous contactez d&rsquo;une autre mani\u00e8re. Fricompost SA accorde une grande importance \u00e0 la [&hellip;]<\/p>\n","protected":false},"author":1,"featured_media":0,"parent":0,"menu_order":0,"comment_status":"closed","ping_status":"closed","template":"","meta":{"_acf_changed":false,"footnotes":""},"class_list":["post-296","page","type-page","status-publish","hentry"],"acf":[],"yoast_head":"<!-- This site is optimized with the Yoast SEO plugin v27.5 - https:\/\/yoast.com\/product\/yoast-seo-wordpress\/ -->\n<title>Politique de confidentialit\u00e9 - Fricompost<\/title>\n<meta name=\"robots\" content=\"index, follow, max-snippet:-1, max-image-preview:large, max-video-preview:-1\" \/>\n<link rel=\"canonical\" href=\"https:\/\/fricompost.site-preview.ch\/fr\/datenschutzerklarung-franz\/\" \/>\n<meta property=\"og:locale\" content=\"fr_FR\" \/>\n<meta property=\"og:type\" content=\"article\" \/>\n<meta property=\"og:title\" content=\"Politique de confidentialit\u00e9 - Fricompost\" \/>\n<meta property=\"og:description\" content=\"Derni\u00e8re mise \u00e0 jour: 04.06.2020 La politique de confidentialit\u00e9 suivante vous renseigne sur quelles donn\u00e9es \u00e0 caract\u00e8re personnel (donn\u00e9es personnelles) sont trait\u00e9es, comment et \u00e0 quelles fins lorsque vous visitez notre site web, b\u00e9n\u00e9ficiez de l&rsquo;un de nos services en ligne ou nous contactez d&rsquo;une autre mani\u00e8re. Fricompost SA accorde une grande importance \u00e0 la [&hellip;]\" \/>\n<meta property=\"og:url\" content=\"https:\/\/fricompost.site-preview.ch\/fr\/datenschutzerklarung-franz\/\" \/>\n<meta property=\"og:site_name\" content=\"Fricompost\" \/>\n<meta property=\"article:modified_time\" content=\"2022-03-15T10:13:37+00:00\" \/>\n<meta name=\"twitter:card\" content=\"summary_large_image\" \/>\n<meta name=\"twitter:label1\" content=\"Dur\u00e9e de lecture estim\u00e9e\" \/>\n\t<meta name=\"twitter:data1\" content=\"11 minutes\" \/>\n<script type=\"application\/ld+json\" class=\"yoast-schema-graph\">{\"@context\":\"https:\\\/\\\/schema.org\",\"@graph\":[{\"@type\":\"WebPage\",\"@id\":\"https:\\\/\\\/fricompost.site-preview.ch\\\/fr\\\/datenschutzerklarung-franz\\\/\",\"url\":\"https:\\\/\\\/fricompost.site-preview.ch\\\/fr\\\/datenschutzerklarung-franz\\\/\",\"name\":\"Politique de confidentialit\u00e9 - Fricompost\",\"isPartOf\":{\"@id\":\"https:\\\/\\\/fricompost.site-preview.ch\\\/fr\\\/#website\"},\"datePublished\":\"2022-01-12T11:09:41+00:00\",\"dateModified\":\"2022-03-15T10:13:37+00:00\",\"breadcrumb\":{\"@id\":\"https:\\\/\\\/fricompost.site-preview.ch\\\/fr\\\/datenschutzerklarung-franz\\\/#breadcrumb\"},\"inLanguage\":\"fr-FR\",\"potentialAction\":[{\"@type\":\"ReadAction\",\"target\":[\"https:\\\/\\\/fricompost.site-preview.ch\\\/fr\\\/datenschutzerklarung-franz\\\/\"]}]},{\"@type\":\"BreadcrumbList\",\"@id\":\"https:\\\/\\\/fricompost.site-preview.ch\\\/fr\\\/datenschutzerklarung-franz\\\/#breadcrumb\",\"itemListElement\":[{\"@type\":\"ListItem\",\"position\":1,\"name\":\"Home\",\"item\":\"https:\\\/\\\/fricompost.site-preview.ch\\\/fr\\\/\"},{\"@type\":\"ListItem\",\"position\":2,\"name\":\"Politique de confidentialit\u00e9\"}]},{\"@type\":\"WebSite\",\"@id\":\"https:\\\/\\\/fricompost.site-preview.ch\\\/fr\\\/#website\",\"url\":\"https:\\\/\\\/fricompost.site-preview.ch\\\/fr\\\/\",\"name\":\"Fricompost\",\"description\":\"Fricompost\",\"publisher\":{\"@id\":\"https:\\\/\\\/fricompost.site-preview.ch\\\/fr\\\/#organization\"},\"potentialAction\":[{\"@type\":\"SearchAction\",\"target\":{\"@type\":\"EntryPoint\",\"urlTemplate\":\"https:\\\/\\\/fricompost.site-preview.ch\\\/fr\\\/?s={search_term_string}\"},\"query-input\":{\"@type\":\"PropertyValueSpecification\",\"valueRequired\":true,\"valueName\":\"search_term_string\"}}],\"inLanguage\":\"fr-FR\"},{\"@type\":\"Organization\",\"@id\":\"https:\\\/\\\/fricompost.site-preview.ch\\\/fr\\\/#organization\",\"name\":\"Fricompost SA\",\"url\":\"https:\\\/\\\/fricompost.site-preview.ch\\\/fr\\\/\",\"logo\":{\"@type\":\"ImageObject\",\"inLanguage\":\"fr-FR\",\"@id\":\"https:\\\/\\\/fricompost.site-preview.ch\\\/fr\\\/#\\\/schema\\\/logo\\\/image\\\/\",\"url\":\"https:\\\/\\\/fricompost.site-preview.ch\\\/wp-content\\\/uploads\\\/2022\\\/06\\\/logo-fricompost.png\",\"contentUrl\":\"https:\\\/\\\/fricompost.site-preview.ch\\\/wp-content\\\/uploads\\\/2022\\\/06\\\/logo-fricompost.png\",\"width\":721,\"height\":200,\"caption\":\"Fricompost SA\"},\"image\":{\"@id\":\"https:\\\/\\\/fricompost.site-preview.ch\\\/fr\\\/#\\\/schema\\\/logo\\\/image\\\/\"}}]}<\/script>\n<!-- \/ Yoast SEO plugin. -->","yoast_head_json":{"title":"Politique de confidentialit\u00e9 - Fricompost","robots":{"index":"index","follow":"follow","max-snippet":"max-snippet:-1","max-image-preview":"max-image-preview:large","max-video-preview":"max-video-preview:-1"},"canonical":"https:\/\/fricompost.site-preview.ch\/fr\/datenschutzerklarung-franz\/","og_locale":"fr_FR","og_type":"article","og_title":"Politique de confidentialit\u00e9 - Fricompost","og_description":"Derni\u00e8re mise \u00e0 jour: 04.06.2020 La politique de confidentialit\u00e9 suivante vous renseigne sur quelles donn\u00e9es \u00e0 caract\u00e8re personnel (donn\u00e9es personnelles) sont trait\u00e9es, comment et \u00e0 quelles fins lorsque vous visitez notre site web, b\u00e9n\u00e9ficiez de l&rsquo;un de nos services en ligne ou nous contactez d&rsquo;une autre mani\u00e8re. Fricompost SA accorde une grande importance \u00e0 la [&hellip;]","og_url":"https:\/\/fricompost.site-preview.ch\/fr\/datenschutzerklarung-franz\/","og_site_name":"Fricompost","article_modified_time":"2022-03-15T10:13:37+00:00","twitter_card":"summary_large_image","twitter_misc":{"Dur\u00e9e de lecture estim\u00e9e":"11 minutes"},"schema":{"@context":"https:\/\/schema.org","@graph":[{"@type":"WebPage","@id":"https:\/\/fricompost.site-preview.ch\/fr\/datenschutzerklarung-franz\/","url":"https:\/\/fricompost.site-preview.ch\/fr\/datenschutzerklarung-franz\/","name":"Politique de confidentialit\u00e9 - Fricompost","isPartOf":{"@id":"https:\/\/fricompost.site-preview.ch\/fr\/#website"},"datePublished":"2022-01-12T11:09:41+00:00","dateModified":"2022-03-15T10:13:37+00:00","breadcrumb":{"@id":"https:\/\/fricompost.site-preview.ch\/fr\/datenschutzerklarung-franz\/#breadcrumb"},"inLanguage":"fr-FR","potentialAction":[{"@type":"ReadAction","target":["https:\/\/fricompost.site-preview.ch\/fr\/datenschutzerklarung-franz\/"]}]},{"@type":"BreadcrumbList","@id":"https:\/\/fricompost.site-preview.ch\/fr\/datenschutzerklarung-franz\/#breadcrumb","itemListElement":[{"@type":"ListItem","position":1,"name":"Home","item":"https:\/\/fricompost.site-preview.ch\/fr\/"},{"@type":"ListItem","position":2,"name":"Politique de confidentialit\u00e9"}]},{"@type":"WebSite","@id":"https:\/\/fricompost.site-preview.ch\/fr\/#website","url":"https:\/\/fricompost.site-preview.ch\/fr\/","name":"Fricompost","description":"Fricompost","publisher":{"@id":"https:\/\/fricompost.site-preview.ch\/fr\/#organization"},"potentialAction":[{"@type":"SearchAction","target":{"@type":"EntryPoint","urlTemplate":"https:\/\/fricompost.site-preview.ch\/fr\/?s={search_term_string}"},"query-input":{"@type":"PropertyValueSpecification","valueRequired":true,"valueName":"search_term_string"}}],"inLanguage":"fr-FR"},{"@type":"Organization","@id":"https:\/\/fricompost.site-preview.ch\/fr\/#organization","name":"Fricompost SA","url":"https:\/\/fricompost.site-preview.ch\/fr\/","logo":{"@type":"ImageObject","inLanguage":"fr-FR","@id":"https:\/\/fricompost.site-preview.ch\/fr\/#\/schema\/logo\/image\/","url":"https:\/\/fricompost.site-preview.ch\/wp-content\/uploads\/2022\/06\/logo-fricompost.png","contentUrl":"https:\/\/fricompost.site-preview.ch\/wp-content\/uploads\/2022\/06\/logo-fricompost.png","width":721,"height":200,"caption":"Fricompost SA"},"image":{"@id":"https:\/\/fricompost.site-preview.ch\/fr\/#\/schema\/logo\/image\/"}}]}},"_links":{"self":[{"href":"https:\/\/fricompost.site-preview.ch\/fr\/wp-json\/wp\/v2\/pages\/296","targetHints":{"allow":["GET"]}}],"collection":[{"href":"https:\/\/fricompost.site-preview.ch\/fr\/wp-json\/wp\/v2\/pages"}],"about":[{"href":"https:\/\/fricompost.site-preview.ch\/fr\/wp-json\/wp\/v2\/types\/page"}],"author":[{"embeddable":true,"href":"https:\/\/fricompost.site-preview.ch\/fr\/wp-json\/wp\/v2\/users\/1"}],"replies":[{"embeddable":true,"href":"https:\/\/fricompost.site-preview.ch\/fr\/wp-json\/wp\/v2\/comments?post=296"}],"version-history":[{"count":7,"href":"https:\/\/fricompost.site-preview.ch\/fr\/wp-json\/wp\/v2\/pages\/296\/revisions"}],"predecessor-version":[{"id":359,"href":"https:\/\/fricompost.site-preview.ch\/fr\/wp-json\/wp\/v2\/pages\/296\/revisions\/359"}],"wp:attachment":[{"href":"https:\/\/fricompost.site-preview.ch\/fr\/wp-json\/wp\/v2\/media?parent=296"}],"curies":[{"name":"wp","href":"https:\/\/api.w.org\/{rel}","templated":true}]}}